{"id":6666,"date":"2016-07-27T12:12:53","date_gmt":"2016-07-27T10:12:53","guid":{"rendered":"http:\/\/www.neatec.it\/?page_id=6666"},"modified":"2016-07-27T12:48:51","modified_gmt":"2016-07-27T10:48:51","slug":"fleet-pro","status":"publish","type":"page","link":"https:\/\/www.neatec.it\/en\/fleet-pro\/","title":{"rendered":"Fleet PRO"},"content":{"rendered":"<div class=\"wpb-content-wrapper\"><p>[vc_row full_content_width=&#8221;row-inner-full&#8221; row_align=&#8221;align-middle&#8221; top=&#8221;50px&#8221; bottom=&#8221;50px&#8221; row_separator=&#8221;no-separator&#8221; content_fadeout=&#8221;&#8221; bg_type=&#8221;image&#8221; parallax_bg=&#8221;&#8221; speed=&#8221;0.30&#8243; scale_bg=&#8221;&#8221; scale_speed=&#8221;0.40&#8243; bg_cover=&#8221;cover&#8221; bg_repeat=&#8221;no-repeat&#8221; bg_position=&#8221;Left center&#8221; parallax_video=&#8221;&#8221; video_speed=&#8221;0.20&#8243; overlay_pattern_op=&#8221;0.2&#8243; row_mobile_style=&#8221;&#8221; row_show_on=&#8221;&#8221; slope_top=&#8221;&#8221; slope_top_pos=&#8221;slope-top-inside&#8221; slope_top_dir=&#8221;slope-top-left&#8221; slope_top_height=&#8221;100px&#8221; slope_bottom=&#8221;&#8221; slope_bottom_pos=&#8221;slope-bottom-inside&#8221; slope_bottom_dir=&#8221;slope-bottom-left&#8221; slope_bottom_height=&#8221;100px&#8221; bg_image=&#8221;6668&#8243;][vc_column col_height_type=&#8221;&#8221; height=&#8221;&#8221; textalign=&#8221;&#8221; slope_left=&#8221;&#8221; slope_left_dir=&#8221;slope-left-top&#8221; slope_left_width=&#8221;100px&#8221; slope_right=&#8221;&#8221; slope_right_dir=&#8221;slope-right-top&#8221; slope_right_width=&#8221;100px&#8221; width=&#8221;1\/1&#8243; css_animation=&#8221;&#8221; css_animation_delay=&#8221;&#8221;][vc_single_image image=&#8221;6663&#8243; border_color=&#8221;grey&#8221; img_link_large=&#8221;&#8221; img_link_target=&#8221;_self&#8221; img_size=&#8221;medium&#8221; css_animation=&#8221;left-to-right&#8221; css=&#8221;.vc_custom_1469611709128{margin-top: 50px !important;padding-top: 20px !important;padding-bottom: 20px !important;}&#8221; alignment=&#8221;center&#8221;][\/vc_column][\/vc_row][vc_row full_content_width=&#8221;&#8221; row_height_type=&#8221;&#8221; height=&#8221;&#8221; row_align=&#8221;align-middle&#8221; top=&#8221;60px&#8221; bottom=&#8221;60px&#8221; row_separator=&#8221;no-separator&#8221; content_fadeout=&#8221;&#8221; font_weight=&#8221;&#8221; textalign=&#8221;&#8221; bg_type=&#8221;&#8221; parallax_bg=&#8221;&#8221; speed=&#8221;0.20&#8243; scale_bg=&#8221;&#8221; scale_speed=&#8221;0.20&#8243; bg_cover=&#8221;&#8221; bg_repeat=&#8221;&#8221; bg_position=&#8221;Left center&#8221; bg_attachment=&#8221;&#8221; parallax_video=&#8221;&#8221; video_speed=&#8221;0.20&#8243; overlay_pattern=&#8221;&#8221; overlay_pattern_op=&#8221;0.2&#8243; row_mobile_style=&#8221;&#8221; row_show_on=&#8221;&#8221; slope_top=&#8221;&#8221; slope_top_pos=&#8221;slope-top-inside&#8221; slope_top_dir=&#8221;slope-top-left&#8221; slope_top_height=&#8221;100px&#8221; slope_top_order=&#8221;&#8221; slope_bottom=&#8221;&#8221; slope_bottom_pos=&#8221;slope-bottom-inside&#8221; slope_bottom_dir=&#8221;slope-bottom-left&#8221; slope_bottom_height=&#8221;100px&#8221; slope_bot_order=&#8221;&#8221;][vc_column col_height_type=&#8221;&#8221; height=&#8221;&#8221; textalign=&#8221;&#8221; slope_left=&#8221;&#8221; slope_left_dir=&#8221;slope-left-top&#8221; slope_left_width=&#8221;100px&#8221; slope_right=&#8221;&#8221; slope_right_dir=&#8221;slope-right-top&#8221; slope_right_width=&#8221;100px&#8221; width=&#8221;1\/1&#8243; css_animation=&#8221;&#8221; css_animation_delay=&#8221;&#8221;][vc_heading title=&#8221;Fleet PRO&#8221; divider=&#8221;div-below&#8221; divider_type=&#8221;div-narrow&#8221; size=&#8221;small&#8221; alignment=&#8221;align-center&#8221; divider_color=&#8221;#1e73be&#8221;][vc_column_text]Fleet PRO \u00e8 un&#8217;applicazione web based che permette di gestire tutti i processi relativi ad una\u00a0flotta aziendale.<\/p>\n<p>Grazie all&#8217;interfaccia user friendly realizzata interamente web responsive, \u00e8 utilizzabile in maniera efficace anche da dispositivi mobile.<\/p>\n<p>Fleet PRO \u00e8 completamente\u00a0integrata con i processi contabili.<\/p>\n<p>I principali punti di forza dell&#8217;applicazione sono:<\/p>\n<ul>\n<li>&#8211; Riduzione del tempo di gestione delle informazioni<\/li>\n<li>&#8211; Controllo del processo e riduzione dell\u2019errore umano<\/li>\n<li>&#8211; Maggior efficacia ed efficienza del processo integrato di fatturazione fornitori<\/li>\n<li>&#8211; Monitoraggio dei fornitori per controllo dei costi<\/li>\n<\/ul>\n<p>[\/vc_column_text][\/vc_column][\/vc_row][vc_row full_content_width=&#8221;&#8221; row_height_type=&#8221;&#8221; height=&#8221;&#8221; row_align=&#8221;align-middle&#8221; top=&#8221;60px&#8221; bottom=&#8221;60px&#8221; row_separator=&#8221;no-separator&#8221; content_fadeout=&#8221;&#8221; font_weight=&#8221;&#8221; textalign=&#8221;&#8221; bg_type=&#8221;&#8221; parallax_bg=&#8221;&#8221; speed=&#8221;0.20&#8243; scale_bg=&#8221;&#8221; scale_speed=&#8221;0.20&#8243; bg_cover=&#8221;&#8221; bg_repeat=&#8221;&#8221; bg_position=&#8221;Left center&#8221; bg_attachment=&#8221;&#8221; parallax_video=&#8221;&#8221; video_speed=&#8221;0.20&#8243; overlay_pattern=&#8221;&#8221; overlay_pattern_op=&#8221;0.2&#8243; row_mobile_style=&#8221;&#8221; row_show_on=&#8221;&#8221; slope_top=&#8221;&#8221; slope_top_pos=&#8221;slope-top-inside&#8221; slope_top_dir=&#8221;slope-top-left&#8221; slope_top_height=&#8221;100px&#8221; slope_top_order=&#8221;&#8221; slope_bottom=&#8221;&#8221; slope_bottom_pos=&#8221;slope-bottom-inside&#8221; slope_bottom_dir=&#8221;slope-bottom-left&#8221; slope_bottom_height=&#8221;100px&#8221; slope_bot_order=&#8221;&#8221;][vc_column col_height_type=&#8221;&#8221; height=&#8221;&#8221; textalign=&#8221;&#8221; slope_left=&#8221;&#8221; slope_left_dir=&#8221;slope-left-top&#8221; slope_left_width=&#8221;100px&#8221; slope_right=&#8221;&#8221; slope_right_dir=&#8221;slope-right-top&#8221; slope_right_width=&#8221;100px&#8221; width=&#8221;1\/1&#8243; css_animation=&#8221;&#8221; css_animation_delay=&#8221;&#8221;][vc_heading title=&#8221;Caratteristiche&#8221; divider=&#8221;div-below&#8221; divider_type=&#8221;div-narrow&#8221; size=&#8221;small&#8221; divider_color=&#8221;#1e73be&#8221; alignment=&#8221;align-center&#8221;][vc_row_inner height=&#8221;&#8221; parallax_bg=&#8221;&#8221; scale_bg=&#8221;&#8221; speed=&#8221;0.20&#8243; bg_cover=&#8221;&#8221; bg_repeat=&#8221;&#8221; bg_position=&#8221;Left center&#8221; bg_attachment=&#8221;&#8221;][vc_column_inner el_class=&#8221;&#8221; width=&#8221;1\/4&#8243;][vc_single_image image=&#8221;6676&#8243; border_color=&#8221;grey&#8221; img_link_large=&#8221;&#8221; img_link_target=&#8221;_self&#8221; css_animation=&#8221;left-to-right&#8221; img_size=&#8221;thumbnail&#8221; alignment=&#8221;center&#8221;][\/vc_column_inner][vc_column_inner el_class=&#8221;&#8221; width=&#8221;3\/4&#8243;][vc_column_text]<strong>Multi Lingua<\/strong><\/p>\n<p>L&#8217;applicazione pu\u00f2 essere attivata in pi\u00f9 lingue (Italiano e Inglese, pi\u00f9 eventuali altre).[\/vc_column_text][\/vc_column_inner][\/vc_row_inner][vc_row_inner height=&#8221;&#8221; parallax_bg=&#8221;&#8221; scale_bg=&#8221;&#8221; speed=&#8221;0.20&#8243; bg_cover=&#8221;&#8221; bg_repeat=&#8221;&#8221; bg_position=&#8221;Left center&#8221; bg_attachment=&#8221;&#8221;][vc_column_inner el_class=&#8221;&#8221; width=&#8221;1\/1&#8243;][vc_empty_space height=&#8221;25px&#8221;][\/vc_column_inner][\/vc_row_inner][vc_row_inner height=&#8221;&#8221; parallax_bg=&#8221;&#8221; scale_bg=&#8221;&#8221; speed=&#8221;0.20&#8243; bg_cover=&#8221;&#8221; bg_repeat=&#8221;&#8221; bg_position=&#8221;Left center&#8221; bg_attachment=&#8221;&#8221;][vc_column_inner el_class=&#8221;&#8221; width=&#8221;1\/4&#8243;][vc_single_image image=&#8221;6681&#8243; alignment=&#8221;center&#8221; border_color=&#8221;grey&#8221; img_link_large=&#8221;&#8221; img_link_target=&#8221;_self&#8221; css_animation=&#8221;left-to-right&#8221; img_size=&#8221;thumbnail&#8221;][\/vc_column_inner][vc_column_inner el_class=&#8221;&#8221; width=&#8221;3\/4&#8243;][vc_column_text]<strong>Multi\u00a0Azienda<\/strong><\/p>\n<p>Le societ\u00e0 capogruppo che utilizzano la nostra applicazione possono gestire il parco auto anche per le altre aziende del gruppo.[\/vc_column_text][\/vc_column_inner][\/vc_row_inner][vc_row_inner height=&#8221;&#8221; parallax_bg=&#8221;&#8221; scale_bg=&#8221;&#8221; speed=&#8221;0.20&#8243; bg_cover=&#8221;&#8221; bg_repeat=&#8221;&#8221; bg_position=&#8221;Left center&#8221; bg_attachment=&#8221;&#8221;][vc_column_inner el_class=&#8221;&#8221; width=&#8221;1\/1&#8243;][vc_empty_space height=&#8221;25px&#8221;][\/vc_column_inner][\/vc_row_inner][vc_row_inner height=&#8221;&#8221; parallax_bg=&#8221;&#8221; scale_bg=&#8221;&#8221; speed=&#8221;0.20&#8243; bg_cover=&#8221;&#8221; bg_repeat=&#8221;&#8221; bg_position=&#8221;Left center&#8221; bg_attachment=&#8221;&#8221;][vc_column_inner el_class=&#8221;&#8221; width=&#8221;1\/4&#8243;][vc_single_image image=&#8221;6682&#8243; alignment=&#8221;center&#8221; border_color=&#8221;grey&#8221; img_link_large=&#8221;&#8221; img_link_target=&#8221;_self&#8221; css_animation=&#8221;left-to-right&#8221; img_size=&#8221;thumbnail&#8221;][\/vc_column_inner][vc_column_inner el_class=&#8221;&#8221; width=&#8221;3\/4&#8243;][vc_column_text]<strong>Web Based<\/strong><\/p>\n<p>Gli utenti (assegnatari dell\u2019auto) possono interagire con l&#8217;applicazione via Web, e grazie alla natura responsive con cui \u00e8 sviluppata, si pu\u00f2 operare in totale sicurezza e comodit\u00e0 tramite i dispositivi mobile.[\/vc_column_text][\/vc_column_inner][\/vc_row_inner][vc_row_inner height=&#8221;&#8221; parallax_bg=&#8221;&#8221; scale_bg=&#8221;&#8221; speed=&#8221;0.20&#8243; bg_cover=&#8221;&#8221; bg_repeat=&#8221;&#8221; bg_position=&#8221;Left center&#8221; bg_attachment=&#8221;&#8221;][vc_column_inner el_class=&#8221;&#8221; width=&#8221;1\/1&#8243;][vc_empty_space height=&#8221;25px&#8221;][\/vc_column_inner][\/vc_row_inner][vc_row_inner height=&#8221;&#8221; parallax_bg=&#8221;&#8221; scale_bg=&#8221;&#8221; speed=&#8221;0.20&#8243; bg_cover=&#8221;&#8221; bg_repeat=&#8221;&#8221; bg_position=&#8221;Left center&#8221; bg_attachment=&#8221;&#8221;][vc_column_inner el_class=&#8221;&#8221; width=&#8221;1\/4&#8243;][vc_single_image image=&#8221;6683&#8243; alignment=&#8221;center&#8221; border_color=&#8221;grey&#8221; img_link_large=&#8221;&#8221; img_link_target=&#8221;_self&#8221; css_animation=&#8221;left-to-right&#8221; img_size=&#8221;thumbnail&#8221;][\/vc_column_inner][vc_column_inner el_class=&#8221;&#8221; width=&#8221;3\/4&#8243;][vc_column_text]<strong>Reportistica<\/strong><\/p>\n<p>L&#8217;applicazione \u00e8 corredata di un avanzato sistema di reportistica che permetter\u00e0 di avere ogni tipo di informazione relativa alla flotta.[\/vc_column_text][\/vc_column_inner][\/vc_row_inner][\/vc_column][\/vc_row][vc_row full_content_width=&#8221;&#8221; row_height_type=&#8221;&#8221; height=&#8221;&#8221; row_align=&#8221;align-middle&#8221; top=&#8221;60px&#8221; bottom=&#8221;60px&#8221; row_separator=&#8221;no-separator&#8221; content_fadeout=&#8221;&#8221; font_weight=&#8221;&#8221; textalign=&#8221;&#8221; bg_type=&#8221;&#8221; parallax_bg=&#8221;&#8221; speed=&#8221;0.20&#8243; scale_bg=&#8221;&#8221; scale_speed=&#8221;0.20&#8243; bg_cover=&#8221;&#8221; bg_repeat=&#8221;&#8221; bg_position=&#8221;Left center&#8221; bg_attachment=&#8221;&#8221; parallax_video=&#8221;&#8221; video_speed=&#8221;0.20&#8243; overlay_pattern=&#8221;&#8221; overlay_pattern_op=&#8221;0.2&#8243; row_mobile_style=&#8221;&#8221; row_show_on=&#8221;&#8221; slope_top=&#8221;&#8221; slope_top_pos=&#8221;slope-top-inside&#8221; slope_top_dir=&#8221;slope-top-left&#8221; slope_top_height=&#8221;100px&#8221; slope_top_order=&#8221;&#8221; slope_bottom=&#8221;&#8221; slope_bottom_pos=&#8221;slope-bottom-inside&#8221; slope_bottom_dir=&#8221;slope-bottom-left&#8221; slope_bottom_height=&#8221;100px&#8221; slope_bot_order=&#8221;&#8221;][vc_column col_height_type=&#8221;&#8221; height=&#8221;&#8221; textalign=&#8221;&#8221; slope_left=&#8221;&#8221; slope_left_dir=&#8221;slope-left-top&#8221; slope_left_width=&#8221;100px&#8221; slope_right=&#8221;&#8221; slope_right_dir=&#8221;slope-right-top&#8221; slope_right_width=&#8221;100px&#8221; width=&#8221;1\/1&#8243; css_animation=&#8221;&#8221; css_animation_delay=&#8221;&#8221;][vc_heading title=&#8221;Principali Funzionalit\u00e0&#8221; divider=&#8221;div-below&#8221; divider_type=&#8221;div-narrow&#8221; size=&#8221;small&#8221; divider_color=&#8221;#1e73be&#8221; alignment=&#8221;align-center&#8221;][vc_row_inner height=&#8221;&#8221; parallax_bg=&#8221;&#8221; scale_bg=&#8221;&#8221; speed=&#8221;0.20&#8243; bg_cover=&#8221;&#8221; bg_repeat=&#8221;&#8221; bg_position=&#8221;Left center&#8221; bg_attachment=&#8221;&#8221;][vc_column_inner el_class=&#8221;&#8221; width=&#8221;1\/2&#8243;][vc_list_item type=&#8221;typicons&#8221; icon_fontawesome=&#8221;fa fa-asterisk&#8221; icon_openiconic=&#8221;vc-oi vc-oi-right&#8221; icon_typicons=&#8221;typcn typcn-arrow-right&#8221; icon_entypo=&#8221;entypo-icon entypo-icon-note&#8221; icon_linecons=&#8221;vc_li vc_li-heart&#8221; icon_simplelineicons=&#8221;icon-user-unfollow&#8221; css_animation=&#8221;left-to-right&#8221;]Gestire caricamento automatico Flotta di fornitori diversi[\/vc_list_item][vc_list_item type=&#8221;typicons&#8221; icon_fontawesome=&#8221;fa fa-asterisk&#8221; icon_openiconic=&#8221;vc-oi vc-oi-right&#8221; icon_typicons=&#8221;typcn typcn-arrow-right&#8221; icon_entypo=&#8221;entypo-icon entypo-icon-note&#8221; icon_linecons=&#8221;vc_li vc_li-heart&#8221; icon_simplelineicons=&#8221;icon-user-unfollow&#8221; css_animation=&#8221;left-to-right&#8221;]Gestione assegnazione auto aziendale ai singoli assegnatari[\/vc_list_item][vc_list_item type=&#8221;typicons&#8221; icon_fontawesome=&#8221;fa fa-asterisk&#8221; icon_openiconic=&#8221;vc-oi vc-oi-right&#8221; icon_typicons=&#8221;typcn typcn-arrow-right&#8221; icon_entypo=&#8221;entypo-icon entypo-icon-note&#8221; icon_linecons=&#8221;vc_li vc_li-heart&#8221; icon_simplelineicons=&#8221;icon-user-unfollow&#8221; css_animation=&#8221;left-to-right&#8221;]Gestione dei contratti di noleggio[\/vc_list_item][vc_list_item type=&#8221;typicons&#8221; icon_fontawesome=&#8221;fa fa-asterisk&#8221; icon_openiconic=&#8221;vc-oi vc-oi-right&#8221; icon_typicons=&#8221;typcn typcn-arrow-right&#8221; icon_entypo=&#8221;entypo-icon entypo-icon-note&#8221; icon_linecons=&#8221;vc_li vc_li-heart&#8221; icon_simplelineicons=&#8221;icon-user-unfollow&#8221; css_animation=&#8221;left-to-right&#8221;]Gestione dei processi di fatturazione e contabilit\u00e0[\/vc_list_item][vc_list_item type=&#8221;typicons&#8221; icon_fontawesome=&#8221;fa fa-asterisk&#8221; icon_openiconic=&#8221;vc-oi vc-oi-right&#8221; icon_typicons=&#8221;typcn typcn-arrow-right&#8221; icon_entypo=&#8221;entypo-icon entypo-icon-note&#8221; icon_linecons=&#8221;vc_li vc_li-heart&#8221; icon_simplelineicons=&#8221;icon-user-unfollow&#8221; css_animation=&#8221;left-to-right&#8221;]Calcolo dei Fringe Benefit[\/vc_list_item][\/vc_column_inner][vc_column_inner el_class=&#8221;&#8221; width=&#8221;1\/2&#8243;][vc_list_item type=&#8221;typicons&#8221; icon_fontawesome=&#8221;fa fa-asterisk&#8221; icon_openiconic=&#8221;vc-oi vc-oi-right&#8221; icon_typicons=&#8221;typcn typcn-arrow-right&#8221; icon_entypo=&#8221;entypo-icon entypo-icon-note&#8221; icon_linecons=&#8221;vc_li vc_li-heart&#8221; icon_simplelineicons=&#8221;icon-user-unfollow&#8221; css_animation=&#8221;right-to-left&#8221;]Gestione delle carte carburante[\/vc_list_item][vc_list_item type=&#8221;typicons&#8221; icon_fontawesome=&#8221;fa fa-asterisk&#8221; icon_openiconic=&#8221;vc-oi vc-oi-right&#8221; icon_typicons=&#8221;typcn typcn-arrow-right&#8221; icon_entypo=&#8221;entypo-icon entypo-icon-note&#8221; icon_linecons=&#8221;vc_li vc_li-heart&#8221; icon_simplelineicons=&#8221;icon-user-unfollow&#8221; css_animation=&#8221;right-to-left&#8221;]Alert automatici per il controllo delle scadenze[\/vc_list_item][vc_list_item type=&#8221;typicons&#8221; icon_fontawesome=&#8221;fa fa-asterisk&#8221; icon_openiconic=&#8221;vc-oi vc-oi-right&#8221; icon_typicons=&#8221;typcn typcn-arrow-right&#8221; icon_entypo=&#8221;entypo-icon entypo-icon-note&#8221; icon_linecons=&#8221;vc_li vc_li-heart&#8221; icon_simplelineicons=&#8221;icon-user-unfollow&#8221; css_animation=&#8221;right-to-left&#8221;]Gestione multe[\/vc_list_item][vc_list_item type=&#8221;typicons&#8221; icon_fontawesome=&#8221;fa fa-asterisk&#8221; icon_openiconic=&#8221;vc-oi vc-oi-right&#8221; icon_typicons=&#8221;typcn typcn-arrow-right&#8221; icon_entypo=&#8221;entypo-icon entypo-icon-note&#8221; icon_linecons=&#8221;vc_li vc_li-heart&#8221; icon_simplelineicons=&#8221;icon-user-unfollow&#8221; css_animation=&#8221;right-to-left&#8221;]Integrazione con i sistemi aziendali (SAP HR, CO, MM)[\/vc_list_item][\/vc_column_inner][\/vc_row_inner][\/vc_column][\/vc_row][vc_row full_content_width=&#8221;&#8221; row_height_type=&#8221;&#8221; height=&#8221;&#8221; row_align=&#8221;align-middle&#8221; top=&#8221;60px&#8221; bottom=&#8221;60px&#8221; row_separator=&#8221;no-separator&#8221; content_fadeout=&#8221;&#8221; font_weight=&#8221;&#8221; textalign=&#8221;&#8221; bg_type=&#8221;&#8221; parallax_bg=&#8221;&#8221; speed=&#8221;0.20&#8243; scale_bg=&#8221;&#8221; scale_speed=&#8221;0.20&#8243; bg_cover=&#8221;&#8221; bg_repeat=&#8221;&#8221; bg_position=&#8221;Left center&#8221; bg_attachment=&#8221;&#8221; parallax_video=&#8221;&#8221; video_speed=&#8221;0.20&#8243; overlay_pattern=&#8221;&#8221; overlay_pattern_op=&#8221;0.2&#8243; row_mobile_style=&#8221;&#8221; row_show_on=&#8221;&#8221; slope_top=&#8221;&#8221; slope_top_pos=&#8221;slope-top-inside&#8221; slope_top_dir=&#8221;slope-top-left&#8221; slope_top_height=&#8221;100px&#8221; slope_top_order=&#8221;&#8221; slope_bottom=&#8221;&#8221; slope_bottom_pos=&#8221;slope-bottom-inside&#8221; slope_bottom_dir=&#8221;slope-bottom-left&#8221; slope_bottom_height=&#8221;100px&#8221; slope_bot_order=&#8221;&#8221;][vc_column col_height_type=&#8221;&#8221; height=&#8221;&#8221; textalign=&#8221;&#8221; slope_left=&#8221;&#8221; slope_left_dir=&#8221;slope-left-top&#8221; slope_left_width=&#8221;100px&#8221; slope_right=&#8221;&#8221; slope_right_dir=&#8221;slope-right-top&#8221; slope_right_width=&#8221;100px&#8221; width=&#8221;1\/1&#8243; css_animation=&#8221;&#8221; css_animation_delay=&#8221;&#8221;][vc_heading title=&#8221;Architettura in Cloud&#8221; divider=&#8221;div-below&#8221; divider_type=&#8221;div-narrow&#8221; size=&#8221;small&#8221; divider_color=&#8221;#1e73be&#8221; alignment=&#8221;align-center&#8221;][vc_row_inner height=&#8221;&#8221; parallax_bg=&#8221;&#8221; scale_bg=&#8221;&#8221; speed=&#8221;0.20&#8243; bg_cover=&#8221;&#8221; bg_repeat=&#8221;&#8221; bg_position=&#8221;Left center&#8221; bg_attachment=&#8221;&#8221;][vc_column_inner el_class=&#8221;&#8221; width=&#8221;1\/4&#8243;][vc_single_image image=&#8221;6687&#8243; border_color=&#8221;grey&#8221; img_link_large=&#8221;&#8221; img_link_target=&#8221;_self&#8221; img_size=&#8221;medium&#8221;][\/vc_column_inner][vc_column_inner el_class=&#8221;&#8221; width=&#8221;3\/4&#8243;][vc_column_text]Grazie ad Amazon Web Services forniamo un\u2019infrastruttura <b>affidabile<\/b>, <b>scalabile<\/b>, <b>sicura<\/b> e ad <b>alte prestazioni <\/b>necessarie per le applicazioni web.[\/vc_column_text][\/vc_column_inner][\/vc_row_inner][\/vc_column][\/vc_row]<\/p>\n<\/div>","protected":false},"excerpt":{"rendered":"<p>[vc_row full_content_width=&#8221;row-inner-full&#8221; row_align=&#8221;align-middle&#8221; top=&#8221;50px&#8221; bottom=&#8221;50px&#8221; row_separator=&#8221;no-separator&#8221; content_fadeout=&#8221;&#8221; bg_type=&#8221;image&#8221; parallax_bg=&#8221;&#8221; speed=&#8221;0.30&#8243; scale_bg=&#8221;&#8221; scale_speed=&#8221;0.40&#8243; bg_cover=&#8221;cover&#8221; bg_repeat=&#8221;no-repeat&#8221; bg_position=&#8221;Left center&#8221; parallax_video=&#8221;&#8221; video_speed=&#8221;0.20&#8243; overlay_pattern_op=&#8221;0.2&#8243; row_mobile_style=&#8221;&#8221; row_show_on=&#8221;&#8221; slope_top=&#8221;&#8221; slope_top_pos=&#8221;slope-top-inside&#8221; slope_top_dir=&#8221;slope-top-left&#8221; slope_top_height=&#8221;100px&#8221; slope_bottom=&#8221;&#8221; slope_bottom_pos=&#8221;slope-bottom-inside&#8221; slope_bottom_dir=&#8221;slope-bottom-left&#8221; slope_bottom_height=&#8221;100px&#8221; bg_image=&#8221;6668&#8243;][vc_column col_height_type=&#8221;&#8221; height=&#8221;&#8221; textalign=&#8221;&#8221; slope_left=&#8221;&#8221; slope_left_dir=&#8221;slope-left-top&#8221; slope_left_width=&#8221;100px&#8221; slope_right=&#8221;&#8221; slope_right_dir=&#8221;slope-right-top&#8221; slope_right_width=&#8221;100px&#8221; width=&#8221;1\/1&#8243; css_animation=&#8221;&#8221; css_animation_delay=&#8221;&#8221;][vc_single_image image=&#8221;6663&#8243; border_color=&#8221;grey&#8221; img_link_large=&#8221;&#8221; img_link_target=&#8221;_self&#8221; img_size=&#8221;medium&#8221; css_animation=&#8221;left-to-right&#8221; css=&#8221;.vc_custom_1469611709128{margin-top: 50px !important;padding-top: 20px !important;padding-bottom: 20px !important;}&#8221; alignment=&#8221;center&#8221;][\/vc_column][\/vc_row][vc_row full_content_width=&#8221;&#8221; row_height_type=&#8221;&#8221; height=&#8221;&#8221; row_align=&#8221;align-middle&#8221; top=&#8221;60px&#8221; bottom=&#8221;60px&#8221; row_separator=&#8221;no-separator&#8221; content_fadeout=&#8221;&#8221; font_weight=&#8221;&#8221; textalign=&#8221;&#8221; bg_type=&#8221;&#8221; parallax_bg=&#8221;&#8221; speed=&#8221;0.20&#8243; scale_bg=&#8221;&#8221; scale_speed=&#8221;0.20&#8243; bg_cover=&#8221;&#8221; bg_repeat=&#8221;&#8221; bg_position=&#8221;Left center&#8221;&#8230;  <\/p>\n<div class=\"read-more\"><a class=\"excerpt-read-more\" href=\"https:\/\/www.neatec.it\/en\/fleet-pro\/\" title=\"Continue reading Fleet PRO\">Read more<i class=\"fa fa-angle-right\"><\/i><\/a><\/div>\n","protected":false},"author":1,"featured_media":0,"parent":0,"menu_order":0,"comment_status":"closed","ping_status":"open","template":"page-full-width.php","meta":{"footnotes":""},"class_list":["post-6666","page","type-page","status-publish","hentry"],"_links":{"self":[{"href":"https:\/\/www.neatec.it\/en\/wp-json\/wp\/v2\/pages\/6666","targetHints":{"allow":["GET"]}}],"collection":[{"href":"https:\/\/www.neatec.it\/en\/wp-json\/wp\/v2\/pages"}],"about":[{"href":"https:\/\/www.neatec.it\/en\/wp-json\/wp\/v2\/types\/page"}],"author":[{"embeddable":true,"href":"https:\/\/www.neatec.it\/en\/wp-json\/wp\/v2\/users\/1"}],"replies":[{"embeddable":true,"href":"https:\/\/www.neatec.it\/en\/wp-json\/wp\/v2\/comments?post=6666"}],"version-history":[{"count":16,"href":"https:\/\/www.neatec.it\/en\/wp-json\/wp\/v2\/pages\/6666\/revisions"}],"predecessor-version":[{"id":6688,"href":"https:\/\/www.neatec.it\/en\/wp-json\/wp\/v2\/pages\/6666\/revisions\/6688"}],"wp:attachment":[{"href":"https:\/\/www.neatec.it\/en\/wp-json\/wp\/v2\/media?parent=6666"}],"curies":[{"name":"wp","href":"https:\/\/api.w.org\/{rel}","templated":true}]}}