{"id":5691,"date":"2015-06-09T10:28:59","date_gmt":"2015-06-09T08:28:59","guid":{"rendered":"http:\/\/www.neatec.it\/?page_id=5691"},"modified":"2017-02-09T18:15:33","modified_gmt":"2017-02-09T17:15:33","slug":"lavora-con-noi","status":"publish","type":"page","link":"https:\/\/www.neatec.it\/en\/lavora-con-noi\/","title":{"rendered":"Lavora con noi"},"content":{"rendered":"<div class=\"wpb-content-wrapper\"><p>[vc_row top=&#8221;300px&#8221; bottom=&#8221;250px&#8221; content_fadeout=&#8221;content-fadeout&#8221; bg_type=&#8221;image&#8221; scale_speed=&#8221;0.50&#8243; bg_cover=&#8221;cover&#8221; bg_repeat=&#8221;no-repeat&#8221; bg_position=&#8221;Center bottom&#8221; overlay_pattern=&#8221;sm_dot_w&#8221; overlay_pattern_op=&#8221;0.1&#8243; bg_image=&#8221;6294&#8243; overlay_color=&#8221;rgba(30,115,190,0.1)&#8221; bg_color=&#8221;#ffffff&#8221;][vc_column][vc_heading h_size=&#8221;h-extralarge&#8221; title=&#8221;Entra nel team&#8221; title_color=&#8221;#ffffff&#8221; subtitle=&#8221;Aggiungi entusiasmo al nostro&#8221; subtitle_color=&#8221;#ffffff&#8221; divider=&#8221;div-between&#8221; divider_type=&#8221;div-wide-thick&#8221; divider_color=&#8221;#30b9e6&#8243;][\/vc_column][\/vc_row][vc_row top=&#8221;100px&#8221; bottom=&#8221;30px&#8221; bg_color=&#8221;#ffffff&#8221;][vc_column][vc_heading h_size=&#8221;h-large&#8221; title=&#8221;Cosa ci aspettiamo&#8221; subtitle=&#8221;oltre te&#8221; divider=&#8221;div-between&#8221; divider_color=&#8221;#36353c&#8221; css_animation=&#8221;bottom-to-top&#8221;][vc_empty_space height=&#8221;30px&#8221;][\/vc_column][\/vc_row][vc_row top=&#8221;0px&#8221; bottom=&#8221;80px&#8221; textalign=&#8221;center&#8221; bg_color=&#8221;#ffffff&#8221;][vc_column width=&#8221;1\/3&#8243;][vc_service type=&#8221;simplelineicons&#8221; icon_simplelineicons=&#8221;icon-fire&#8221; title=&#8221;INTRAPRENDENZA&#8221; icon_position=&#8221;sb_center&#8221; icon_shape=&#8221;service-circle&#8221; icon_hover_1=&#8221;h-sonar&#8221; css_animation=&#8221;bottom-to-top&#8221; css_animation_delay=&#8221;delay-200&#8243; icon_name=&#8221;icon-speedometer&#8221; icon_color=&#8221;#ffffff&#8221; bg_color=&#8221;#30b9e6&#8243;]Il nostro team \u00e8 composto da persone uniche, versatili e con grande spirito di iniziativa.[\/vc_service][\/vc_column][vc_column width=&#8221;1\/3&#8243;][vc_service type=&#8221;simplelineicons&#8221; icon_simplelineicons=&#8221;icon-graduation&#8221; title=&#8221;PROFESSIONALITA'&#8221; icon_position=&#8221;sb_center&#8221; icon_shape=&#8221;service-circle&#8221; icon_hover_1=&#8221;h-sonar&#8221; css_animation=&#8221;bottom-to-top&#8221; css_animation_delay=&#8221;delay-400&#8243; icon_name=&#8221;li_display&#8221; icon_color=&#8221;#ffffff&#8221; bg_color=&#8221;#30b9e6&#8243;]Non esiste un compito pi\u00f9 importante dell&#8217;altro, tutte le mansioni sono parte di un unico grande ingranaggio.[\/vc_service][\/vc_column][vc_column width=&#8221;1\/3&#8243;][vc_service type=&#8221;simplelineicons&#8221; icon_simplelineicons=&#8221;icon-users&#8221; title=&#8221;LAVORO IN TEAM&#8221; icon_position=&#8221;sb_center&#8221; icon_shape=&#8221;service-circle&#8221; icon_hover_1=&#8221;h-sonar&#8221; css_animation=&#8221;bottom-to-top&#8221; css_animation_delay=&#8221;delay-600&#8243; icon_name=&#8221;li_params&#8221; icon_color=&#8221;#ffffff&#8221; bg_color=&#8221;#30b9e6&#8243;]La propensione al lavoro in team \u00e8 essenziale, crescere, affrontare le difficolt\u00e0\u00a0 insieme \u00e8 la chiave per il successo.[\/vc_service][\/vc_column][\/vc_row][vc_row top=&#8221;100px&#8221; bottom=&#8221;30px&#8221;][vc_column][vc_heading h_size=&#8221;h-large&#8221; title=&#8221;Cosa offriamo&#8221; subtitle=&#8221;oltre noi&#8221; divider=&#8221;div-between&#8221; divider_color=&#8221;#36353c&#8221; css_animation=&#8221;bottom-to-top&#8221;][vc_empty_space height=&#8221;30px&#8221;][\/vc_column][\/vc_row][vc_row top=&#8221;0px&#8221; bottom=&#8221;80px&#8221; textalign=&#8221;center&#8221;][vc_column width=&#8221;1\/3&#8243;][vc_service type=&#8221;simplelineicons&#8221; icon_simplelineicons=&#8221;icon-fire&#8221; title=&#8221;GRANDI ESPERIENZE&#8221; icon_position=&#8221;sb_center&#8221; icon_shape=&#8221;service-circle&#8221; icon_hover_1=&#8221;h-sonar&#8221; css_animation=&#8221;bottom-to-top&#8221; css_animation_delay=&#8221;delay-200&#8243; icon_name=&#8221;icon-speedometer&#8221; icon_color=&#8221;#ffffff&#8221; bg_color=&#8221;#30b9e6&#8243;]La Neatec opera con le pi\u00f9 grandi realt\u00e0\u00a0 tecnologiche italiane ed estere gestendo progetti di altissimo livello.[\/vc_service][vc_empty_space height=&#8221;30px&#8221;][\/vc_column][vc_column width=&#8221;1\/3&#8243;][vc_service type=&#8221;simplelineicons&#8221; icon_simplelineicons=&#8221;icon-graduation&#8221; title=&#8221;CRESCITA PROFESSIONALE&#8221; icon_position=&#8221;sb_center&#8221; icon_shape=&#8221;service-circle&#8221; icon_hover_1=&#8221;h-sonar&#8221; css_animation=&#8221;bottom-to-top&#8221; css_animation_delay=&#8221;delay-400&#8243; icon_name=&#8221;li_display&#8221; icon_color=&#8221;#ffffff&#8221; bg_color=&#8221;#30b9e6&#8243;]Non c&#8217;\u00e8 limite alla crescita, l&#8217;impegno e la costanza sono sempre premiati perch\u00e8 la soddisfazione delle persone \u00e8 la nostra priorit\u00e0.[\/vc_service][vc_empty_space height=&#8221;30px&#8221;][\/vc_column][vc_column width=&#8221;1\/3&#8243;][vc_service type=&#8221;simplelineicons&#8221; icon_simplelineicons=&#8221;icon-users&#8221; title=&#8221;AMBIENTE GIOVANE E DINAMICO&#8221; icon_position=&#8221;sb_center&#8221; icon_shape=&#8221;service-circle&#8221; icon_hover_1=&#8221;h-sonar&#8221; css_animation=&#8221;bottom-to-top&#8221; css_animation_delay=&#8221;delay-600&#8243; icon_name=&#8221;li_params&#8221; icon_color=&#8221;#ffffff&#8221; bg_color=&#8221;#30b9e6&#8243;]Entrare in un team Neatec significa essere supportati in qualsiasi situazione, vivere il lavoro con dinamismo e senza formalismi.[\/vc_service][vc_empty_space height=&#8221;30px&#8221;][\/vc_column][\/vc_row][vc_row bg_color=&#8221;#f0f0f0&#8243;][vc_column][vc_heading h_size=&#8221;h-large&#8221; title=&#8221;Posizioni aperte&#8221; subtitle=&#8221;Lavora con noi&#8221; divider=&#8221;div-between&#8221; divider_color=&#8221;#36353c&#8221; css_animation=&#8221;bottom-to-top&#8221;][\/vc_column][\/vc_row][vc_row top=&#8221;0px&#8221; bottom=&#8221;50px&#8221; bg_color=&#8221;#f0f0f0&#8243;][vc_column width=&#8221;1\/2&#8243; css=&#8221;.vc_custom_1438155313674{background-color: #ffffff !important;}&#8221;][vc_toggle title=&#8221;Candidatura spontanea&#8221;]Controlla la disponibilit\u00e0 \u00a0di posizioni adeguate al tuo profilo e nel caso non ce ne siano, compila il form di seguito con i tuoi dati e allega il tuo curriculum vitae, se il tuo profilo \u00e8 di nostro interesse non esiteremo a contattarti al pi\u00f9 presto ai recapiti che ci fornirai.<\/p>\n<div class=\"wpcf7 no-js\" id=\"wpcf7-f6059-o1\" lang=\"it-IT\" dir=\"ltr\" data-wpcf7-id=\"6059\">\n<div class=\"screen-reader-response\"><p role=\"status\" aria-live=\"polite\" aria-atomic=\"true\"><\/p> <ul><\/ul><\/div>\n<form action=\"\/en\/wp-json\/wp\/v2\/pages\/5691#wpcf7-f6059-o1\" method=\"post\" class=\"wpcf7-form init\" aria-label=\"Modulo di contatto\" enctype=\"multipart\/form-data\" novalidate=\"novalidate\" data-status=\"init\">\n<fieldset class=\"hidden-fields-container\"><input type=\"hidden\" name=\"_wpcf7\" value=\"6059\" \/><input type=\"hidden\" name=\"_wpcf7_version\" value=\"6.1.5\" \/><input type=\"hidden\" name=\"_wpcf7_locale\" value=\"it_IT\" \/><input type=\"hidden\" name=\"_wpcf7_unit_tag\" value=\"wpcf7-f6059-o1\" \/><input type=\"hidden\" name=\"_wpcf7_container_post\" value=\"0\" \/><input type=\"hidden\" name=\"_wpcf7_posted_data_hash\" value=\"\" \/>\n<\/fieldset>\n<p>Il tuo nome (richiesto)\n<\/p>\n<p><span class=\"wpcf7-form-control-wrap\" data-name=\"your-name\"><input size=\"40\" maxlength=\"400\" class=\"wpcf7-form-control wpcf7-text wpcf7-validates-as-required\" aria-required=\"true\" aria-invalid=\"false\" value=\"\" type=\"text\" name=\"your-name\" \/><\/span>\n<\/p>\n<p>La tua email (richiesto)\n<\/p>\n<p><span class=\"wpcf7-form-control-wrap\" data-name=\"your-email\"><input size=\"40\" maxlength=\"400\" class=\"wpcf7-form-control wpcf7-email wpcf7-validates-as-required wpcf7-text wpcf7-validates-as-email\" aria-required=\"true\" aria-invalid=\"false\" value=\"\" type=\"email\" name=\"your-email\" \/><\/span>\n<\/p>\n<p>Oggetto\n<\/p>\n<p><span class=\"wpcf7-form-control-wrap\" data-name=\"your-subject\"><input size=\"40\" maxlength=\"400\" class=\"wpcf7-form-control wpcf7-text\" aria-invalid=\"false\" value=\"\" type=\"text\" name=\"your-subject\" \/><\/span>\n<\/p>\n<p>Il tuo messaggio\n<\/p>\n<p><span class=\"wpcf7-form-control-wrap\" data-name=\"your-message\"><textarea cols=\"40\" rows=\"10\" maxlength=\"2000\" class=\"wpcf7-form-control wpcf7-textarea\" aria-invalid=\"false\" name=\"your-message\"><\/textarea><\/span>\n<\/p>\n<p>Allega il tuo curriculum vitae\n<\/p>\n<p><span class=\"wpcf7-form-control-wrap\" data-name=\"curriculum\"><input size=\"40\" class=\"wpcf7-form-control wpcf7-file wpcf7-validates-as-required\" accept=\".doc,.pdf,.docx,.odt\" aria-required=\"true\" aria-invalid=\"false\" type=\"file\" name=\"curriculum\" \/><\/span>\n<\/p>\n<p><span class=\"wpcf7-form-control-wrap\" data-name=\"acceptance-103\"><span class=\"wpcf7-form-control wpcf7-acceptance\"><span class=\"wpcf7-list-item\"><input type=\"checkbox\" name=\"acceptance-103\" value=\"1\" aria-invalid=\"false\" \/><\/span><\/span><\/span> Dichiaro di aver preso visione della informativa privacy policy\n<\/p>\n<p><input class=\"wpcf7-form-control wpcf7-submit has-spinner\" type=\"submit\" value=\"Invia\" \/>\n<\/p><div class=\"wpcf7-response-output\" aria-hidden=\"true\"><\/div>\n<\/form>\n<\/div>\n[\/vc_toggle][\/vc_column][vc_column width=&#8221;1\/2&#8243;][vc_toggle title=&#8221;Posizioni attualmente di interesse&#8221;]<\/p>\n<ul>\n<li>Analista Sviluppatore\u00a0 <span class=\"highlight\">Java<\/span> con un&#8217;esperienza pregressa di almeno 2\/3 anni nel medesimo ruolo.<\/li>\n<li>Sono richieste le seguenti competenze\/esperienze:<br \/>\n&#8211;\u00a0Esperienza nello sviluppo software in <span class=\"highlight\">Java<\/span> e J2EE<br \/>\n&#8211;\u00a0Conoscenza dei principali frameworks: Spring, Struts, Hibernate<br \/>\n&#8211;\u00a0Esperienza nell&#8217;utilizzo delle principali librerie di front-end: JavaScript, jQuery, AngularJS, Bootstrap, CSS2, CSS3, HTML5,<\/li>\n<li>SEDE: ROMA<\/li>\n<li>RIF:RM_JAVA01<\/li>\n<\/ul>\n<div class=\"wpcf7 no-js\" id=\"wpcf7-f6277-o2\" lang=\"it-IT\" dir=\"ltr\" data-wpcf7-id=\"6277\">\n<div class=\"screen-reader-response\"><p role=\"status\" aria-live=\"polite\" aria-atomic=\"true\"><\/p> <ul><\/ul><\/div>\n<form action=\"\/en\/wp-json\/wp\/v2\/pages\/5691#wpcf7-f6277-o2\" method=\"post\" class=\"wpcf7-form init\" aria-label=\"Modulo di contatto\" enctype=\"multipart\/form-data\" novalidate=\"novalidate\" data-status=\"init\">\n<fieldset class=\"hidden-fields-container\"><input type=\"hidden\" name=\"_wpcf7\" value=\"6277\" \/><input type=\"hidden\" name=\"_wpcf7_version\" value=\"6.1.5\" \/><input type=\"hidden\" name=\"_wpcf7_locale\" value=\"it_IT\" \/><input type=\"hidden\" name=\"_wpcf7_unit_tag\" value=\"wpcf7-f6277-o2\" \/><input type=\"hidden\" name=\"_wpcf7_container_post\" value=\"0\" \/><input type=\"hidden\" name=\"_wpcf7_posted_data_hash\" value=\"\" \/>\n<\/fieldset>\n<p>Il tuo nome (richiesto)\n<\/p>\n<p><span class=\"wpcf7-form-control-wrap\" data-name=\"your-name\"><input size=\"40\" maxlength=\"400\" class=\"wpcf7-form-control wpcf7-text wpcf7-validates-as-required\" aria-required=\"true\" aria-invalid=\"false\" value=\"\" type=\"text\" name=\"your-name\" \/><\/span>\n<\/p>\n<p>La tua email (richiesto)\n<\/p>\n<p><span class=\"wpcf7-form-control-wrap\" data-name=\"your-email\"><input size=\"40\" maxlength=\"400\" class=\"wpcf7-form-control wpcf7-email wpcf7-validates-as-required wpcf7-text wpcf7-validates-as-email\" aria-required=\"true\" aria-invalid=\"false\" value=\"\" type=\"email\" name=\"your-email\" \/><\/span>\n<\/p>\n<p>Riferimento Posizione (richiesto)\n<\/p>\n<p><span class=\"wpcf7-form-control-wrap\" data-name=\"your-subject\"><input size=\"40\" maxlength=\"400\" class=\"wpcf7-form-control wpcf7-text\" aria-invalid=\"false\" value=\"\" type=\"text\" name=\"your-subject\" \/><\/span>\n<\/p>\n<p>Il tuo messaggio\n<\/p>\n<p><span class=\"wpcf7-form-control-wrap\" data-name=\"your-message\"><textarea cols=\"40\" rows=\"10\" maxlength=\"2000\" class=\"wpcf7-form-control wpcf7-textarea\" aria-invalid=\"false\" name=\"your-message\"><\/textarea><\/span>\n<\/p>\n<p>Allega il tuo curriculum vitae (richiesto)\n<\/p>\n<p><span class=\"wpcf7-form-control-wrap\" data-name=\"curriculum\"><input size=\"40\" class=\"wpcf7-form-control wpcf7-file wpcf7-validates-as-required\" accept=\".doc,.pdf,.docx,.odt\" aria-required=\"true\" aria-invalid=\"false\" type=\"file\" name=\"curriculum\" \/><\/span>\n<\/p>\n<p><span class=\"wpcf7-form-control-wrap\" data-name=\"acceptance-649\"><span class=\"wpcf7-form-control wpcf7-acceptance\"><span class=\"wpcf7-list-item\"><input type=\"checkbox\" name=\"acceptance-649\" value=\"1\" aria-invalid=\"false\" \/><\/span><\/span><\/span> Dichiaro di aver preso visione della informativa privacy policy\n<\/p>\n<p><input class=\"wpcf7-form-control wpcf7-submit has-spinner\" type=\"submit\" value=\"Invia\" \/>\n<\/p><div class=\"wpcf7-response-output\" aria-hidden=\"true\"><\/div>\n<\/form>\n<\/div>\n[\/vc_toggle][\/vc_column][\/vc_row]<\/p>\n<\/div>","protected":false},"excerpt":{"rendered":"<p>[vc_row top=&#8221;300px&#8221; bottom=&#8221;250px&#8221; content_fadeout=&#8221;content-fadeout&#8221; bg_type=&#8221;image&#8221; scale_speed=&#8221;0.50&#8243; bg_cover=&#8221;cover&#8221; bg_repeat=&#8221;no-repeat&#8221; bg_position=&#8221;Center bottom&#8221; overlay_pattern=&#8221;sm_dot_w&#8221; overlay_pattern_op=&#8221;0.1&#8243; bg_image=&#8221;6294&#8243; overlay_color=&#8221;rgba(30,115,190,0.1)&#8221; bg_color=&#8221;#ffffff&#8221;][vc_column][vc_heading h_size=&#8221;h-extralarge&#8221; title=&#8221;Entra nel team&#8221; title_color=&#8221;#ffffff&#8221; subtitle=&#8221;Aggiungi entusiasmo al nostro&#8221; subtitle_color=&#8221;#ffffff&#8221; divider=&#8221;div-between&#8221; divider_type=&#8221;div-wide-thick&#8221; divider_color=&#8221;#30b9e6&#8243;][\/vc_column][\/vc_row][vc_row top=&#8221;100px&#8221; bottom=&#8221;30px&#8221; bg_color=&#8221;#ffffff&#8221;][vc_column][vc_heading h_size=&#8221;h-large&#8221; title=&#8221;Cosa ci aspettiamo&#8221; subtitle=&#8221;oltre te&#8221; divider=&#8221;div-between&#8221; divider_color=&#8221;#36353c&#8221; css_animation=&#8221;bottom-to-top&#8221;][vc_empty_space height=&#8221;30px&#8221;][\/vc_column][\/vc_row][vc_row top=&#8221;0px&#8221; bottom=&#8221;80px&#8221; textalign=&#8221;center&#8221; bg_color=&#8221;#ffffff&#8221;][vc_column width=&#8221;1\/3&#8243;][vc_service type=&#8221;simplelineicons&#8221; icon_simplelineicons=&#8221;icon-fire&#8221; title=&#8221;INTRAPRENDENZA&#8221; icon_position=&#8221;sb_center&#8221; icon_shape=&#8221;service-circle&#8221; icon_hover_1=&#8221;h-sonar&#8221; css_animation=&#8221;bottom-to-top&#8221; css_animation_delay=&#8221;delay-200&#8243; icon_name=&#8221;icon-speedometer&#8221; icon_color=&#8221;#ffffff&#8221; bg_color=&#8221;#30b9e6&#8243;]Il nostro team \u00e8 composto da persone uniche, versatili e con grande spirito di iniziativa.[\/vc_service][\/vc_column][vc_column width=&#8221;1\/3&#8243;][vc_service type=&#8221;simplelineicons&#8221; icon_simplelineicons=&#8221;icon-graduation&#8221; title=&#8221;PROFESSIONALITA&#8217;&#8221;&#8230;  <\/p>\n<div class=\"read-more\"><a class=\"excerpt-read-more\" href=\"https:\/\/www.neatec.it\/en\/lavora-con-noi\/\" title=\"Continue reading Lavora con noi\">Read more<i class=\"fa fa-angle-right\"><\/i><\/a><\/div>\n","protected":false},"author":1,"featured_media":0,"parent":0,"menu_order":0,"comment_status":"open","ping_status":"open","template":"page-full-width.php","meta":{"footnotes":""},"class_list":["post-5691","page","type-page","status-publish","hentry"],"_links":{"self":[{"href":"https:\/\/www.neatec.it\/en\/wp-json\/wp\/v2\/pages\/5691","targetHints":{"allow":["GET"]}}],"collection":[{"href":"https:\/\/www.neatec.it\/en\/wp-json\/wp\/v2\/pages"}],"about":[{"href":"https:\/\/www.neatec.it\/en\/wp-json\/wp\/v2\/types\/page"}],"author":[{"embeddable":true,"href":"https:\/\/www.neatec.it\/en\/wp-json\/wp\/v2\/users\/1"}],"replies":[{"embeddable":true,"href":"https:\/\/www.neatec.it\/en\/wp-json\/wp\/v2\/comments?post=5691"}],"version-history":[{"count":41,"href":"https:\/\/www.neatec.it\/en\/wp-json\/wp\/v2\/pages\/5691\/revisions"}],"predecessor-version":[{"id":6750,"href":"https:\/\/www.neatec.it\/en\/wp-json\/wp\/v2\/pages\/5691\/revisions\/6750"}],"wp:attachment":[{"href":"https:\/\/www.neatec.it\/en\/wp-json\/wp\/v2\/media?parent=5691"}],"curies":[{"name":"wp","href":"https:\/\/api.w.org\/{rel}","templated":true}]}}