{"id":5635,"date":"2015-06-05T16:54:10","date_gmt":"2015-06-05T14:54:10","guid":{"rendered":"http:\/\/www.neatec.it\/?page_id=5635"},"modified":"2016-07-08T16:42:32","modified_gmt":"2016-07-08T14:42:32","slug":"progettazione-e-sviluppo-software","status":"publish","type":"page","link":"https:\/\/www.neatec.it\/en\/progettazione-e-sviluppo-software\/","title":{"rendered":"Progettazione e Sviluppo Software"},"content":{"rendered":"<div class=\"wpb-content-wrapper\"><p>[vc_row full_content_width=&#8221;&#8221; row_align=&#8221;align-middle&#8221; top=&#8221;280px&#8221; bottom=&#8221;200px&#8221; row_separator=&#8221;no-separator&#8221; content_fadeout=&#8221;&#8221; bg_type=&#8221;image&#8221; parallax_bg=&#8221;&#8221; speed=&#8221;0.20&#8243; scale_bg=&#8221;scale-bg&#8221; scale_speed=&#8221;0.20&#8243; bg_cover=&#8221;cover&#8221; bg_position=&#8221;Center bottom&#8221; parallax_video=&#8221;&#8221; video_speed=&#8221;0.20&#8243; overlay_pattern_op=&#8221;0.2&#8243; row_mobile_style=&#8221;&#8221; row_show_on=&#8221;&#8221; slope_top=&#8221;&#8221; slope_top_pos=&#8221;slope-top-inside&#8221; slope_top_dir=&#8221;slope-top-left&#8221; slope_top_height=&#8221;100px&#8221; slope_bottom=&#8221;&#8221; slope_bottom_pos=&#8221;slope-bottom-inside&#8221; slope_bottom_dir=&#8221;slope-bottom-left&#8221; slope_bottom_height=&#8221;100px&#8221; bg_image=&#8221;5730&#8243; overlay_pattern=&#8221;sm_cell_b&#8221;][vc_column col_height_type=&#8221;&#8221; height=&#8221;&#8221; textalign=&#8221;&#8221; slope_left=&#8221;&#8221; slope_left_dir=&#8221;slope-left-top&#8221; slope_left_width=&#8221;100px&#8221; slope_right=&#8221;&#8221; slope_right_dir=&#8221;slope-right-top&#8221; slope_right_width=&#8221;100px&#8221; width=&#8221;1\/1&#8243; css_animation=&#8221;&#8221; css_animation_delay=&#8221;&#8221;][vc_heading h_size=&#8221;h-extralarge&#8221; title=&#8221; Progettazione e Sviluppo Software &#8221; divider_type=&#8221;div-narrow&#8221; size=&#8221;small&#8221; alignment=&#8221;align-center&#8221; title_color=&#8221;#ffffff&#8221; css_animation=&#8221;bottom-to-top&#8221;][\/vc_column][\/vc_row][vc_row row_align=&#8221;align-middle&#8221; top=&#8221;20px&#8221; bottom=&#8221;0px&#8221; row_separator=&#8221;no-separator&#8221; speed=&#8221;0.20&#8243; scale_speed=&#8221;0.20&#8243; video_speed=&#8221;0.20&#8243; overlay_pattern_op=&#8221;0.2&#8243; slope_top_pos=&#8221;slope-top-inside&#8221; slope_top_dir=&#8221;slope-top-left&#8221; slope_top_height=&#8221;100px&#8221; slope_bottom_pos=&#8221;slope-bottom-inside&#8221; slope_bottom_dir=&#8221;slope-bottom-left&#8221; slope_bottom_height=&#8221;100px&#8221;][vc_column width=&#8221;1\/1&#8243;][vc_empty_space height=&#8221;40px&#8221;][\/vc_column][\/vc_row][vc_row speed=&#8221;0.20&#8243; row_seperator=&#8221;no-seperator&#8221; top=&#8221;0px&#8221; bottom=&#8221;30px&#8221; row_align=&#8221;align-middle&#8221; row_separator=&#8221;no-separator&#8221; scale_speed=&#8221;0.20&#8243; video_speed=&#8221;0.20&#8243; overlay_pattern_op=&#8221;0.2&#8243; slope_top_pos=&#8221;slope-top-inside&#8221; slope_top_dir=&#8221;slope-top-left&#8221; slope_top_height=&#8221;100px&#8221; slope_bottom_pos=&#8221;slope-bottom-inside&#8221; slope_bottom_dir=&#8221;slope-bottom-left&#8221; slope_bottom_height=&#8221;100px&#8221;][vc_column width=&#8221;1\/1&#8243;][vc_column_text]La nostra consulenza specialistica nella progettazione dei sistemi informatici si occupa di:<\/p>\n<ol>\n<li><em>Analisi della soluzione tecnologica rispondente alle esigenze del cliente<\/em><\/li>\n<li><em>Project Management<\/em><\/li>\n<li><em>Realizzazione del software<\/em><\/li>\n<li><em>Installazione<\/em><\/li>\n<li><em>Formazione ed assistenza<\/em><\/li>\n<li><i>Application management <\/i><\/li>\n<\/ol>\n<p>Ogni singola fase del processo \u00e8 attentamente definita e controllata, tutte le attivit\u00e0 sono realizzate con il costante confronto con il cliente quale requisito fondamentale per assicurare la qualit\u00e0 del risultato.[\/vc_column_text][\/vc_column][\/vc_row][vc_row row_align=&#8221;align-middle&#8221; top=&#8221;30px&#8221; bottom=&#8221;0px&#8221; row_separator=&#8221;no-separator&#8221; speed=&#8221;0.20&#8243; scale_speed=&#8221;0.20&#8243; video_speed=&#8221;0.20&#8243; overlay_pattern_op=&#8221;0.2&#8243; slope_top_pos=&#8221;slope-top-inside&#8221; slope_top_dir=&#8221;slope-top-left&#8221; slope_top_height=&#8221;100px&#8221; slope_bottom_pos=&#8221;slope-bottom-inside&#8221; slope_bottom_dir=&#8221;slope-bottom-left&#8221; slope_bottom_height=&#8221;100px&#8221;][vc_column width=&#8221;1\/1&#8243;][vc_heading title=&#8221;Alcuni dei nostri progetti&#8221; divider_type=&#8221;div-narrow&#8221; size=&#8221;small&#8221; alignment=&#8221;align-center&#8221; h_size=&#8221;h-large&#8221; divider=&#8221;div-below&#8221; css_animation=&#8221;bottom-to-top&#8221;][\/vc_column][\/vc_row][vc_row full_content_width=&#8221;&#8221; row_align=&#8221;align-middle&#8221; top=&#8221;60px&#8221; bottom=&#8221;0px&#8221; row_separator=&#8221;no-separator&#8221; content_fadeout=&#8221;&#8221; parallax_bg=&#8221;&#8221; speed=&#8221;0.20&#8243; scale_bg=&#8221;&#8221; scale_speed=&#8221;0.20&#8243; bg_cover=&#8221;&#8221; bg_position=&#8221;Left center&#8221; parallax_video=&#8221;&#8221; video_speed=&#8221;0.20&#8243; overlay_pattern_op=&#8221;0.2&#8243; row_mobile_style=&#8221;&#8221; row_show_on=&#8221;&#8221; slope_top=&#8221;&#8221; slope_top_pos=&#8221;slope-top-inside&#8221; slope_top_dir=&#8221;slope-top-left&#8221; slope_top_height=&#8221;100px&#8221; slope_bottom=&#8221;&#8221; slope_bottom_pos=&#8221;slope-bottom-inside&#8221; slope_bottom_dir=&#8221;slope-bottom-left&#8221; slope_bottom_height=&#8221;100px&#8221;][vc_column col_height_type=&#8221;&#8221; height=&#8221;&#8221; textalign=&#8221;&#8221; slope_left=&#8221;&#8221; slope_left_dir=&#8221;slope-left-top&#8221; slope_left_width=&#8221;100px&#8221; slope_right=&#8221;&#8221; slope_right_dir=&#8221;slope-right-top&#8221; slope_right_width=&#8221;100px&#8221; width=&#8221;1\/1&#8243; css_animation=&#8221;&#8221; css_animation_delay=&#8221;&#8221;][vc_heading title=&#8221;Portale Enel Distribuzione&#8221; subtitle=&#8221;Cliente: Enel Distribuzione&#8221; divider_type=&#8221;div-narrow&#8221; size=&#8221;small&#8221; alignment=&#8221;align-center&#8221; css_animation=&#8221;bottom-to-top&#8221; title_color=&#8221;#4295d1&#8243;][\/vc_column][\/vc_row][vc_row full_content_width=&#8221;&#8221; row_align=&#8221;align-middle&#8221; top=&#8221;60px&#8221; bottom=&#8221;60px&#8221; row_separator=&#8221;no-separator&#8221; content_fadeout=&#8221;&#8221; parallax_bg=&#8221;&#8221; speed=&#8221;0.20&#8243; scale_bg=&#8221;&#8221; scale_speed=&#8221;0.20&#8243; bg_cover=&#8221;&#8221; bg_position=&#8221;Left center&#8221; parallax_video=&#8221;&#8221; video_speed=&#8221;0.20&#8243; overlay_pattern_op=&#8221;0.2&#8243; row_mobile_style=&#8221;&#8221; row_show_on=&#8221;&#8221; slope_top=&#8221;&#8221; slope_top_pos=&#8221;slope-top-inside&#8221; slope_top_dir=&#8221;slope-top-left&#8221; slope_top_height=&#8221;100px&#8221; slope_bottom=&#8221;&#8221; slope_bottom_pos=&#8221;slope-bottom-inside&#8221; slope_bottom_dir=&#8221;slope-bottom-left&#8221; slope_bottom_height=&#8221;100px&#8221;][vc_column col_height_type=&#8221;&#8221; height=&#8221;&#8221; textalign=&#8221;&#8221; slope_left=&#8221;&#8221; slope_left_dir=&#8221;slope-left-top&#8221; slope_left_width=&#8221;100px&#8221; slope_right=&#8221;&#8221; slope_right_dir=&#8221;slope-right-top&#8221; slope_right_width=&#8221;100px&#8221; width=&#8221;1\/2&#8243; css_animation=&#8221;&#8221; css_animation_delay=&#8221;&#8221;][vc_single_image image=&#8221;5725&#8243; border_color=&#8221;grey&#8221; img_link_large=&#8221;&#8221; img_link_target=&#8221;_self&#8221; css_animation=&#8221;left-to-right&#8221; img_size=&#8221;large&#8221;][\/vc_column][vc_column col_height_type=&#8221;&#8221; height=&#8221;&#8221; textalign=&#8221;&#8221; slope_left=&#8221;&#8221; slope_left_dir=&#8221;slope-left-top&#8221; slope_left_width=&#8221;100px&#8221; slope_right=&#8221;&#8221; slope_right_dir=&#8221;slope-right-top&#8221; slope_right_width=&#8221;100px&#8221; width=&#8221;1\/2&#8243; css_animation=&#8221;&#8221; css_animation_delay=&#8221;&#8221;][vc_column_text css_animation=&#8221;right-to-left&#8221;]Sviluppo del portale <a href=\"http:\/\/eneldistribuzione.enel.it\">eneldistribuzione.it<\/a> per conto di Enel Distribuzione. Il portale oltre a fornire informazioni sulle attivit\u00e0\u00a0 svolte dall&#8217;azienda e sulla propria rete di distribuzione rende disponibili i servizi offerti da Enel Distribuzione alle diverse tipologie di clienti. Il portale dispone di un&#8217;area privata, accessibile previa registrazione, tramite la quale gli utenti possono sottoscrivere ed utilizzare i servizi resi disponibili da Enel Distribuzione.<\/p>\n<p>Le principali tecnologie impiegate per la realizzazione:Microsoft SharePoint Server 2013 Microsoft .NET 4.5 (ASP.NET, C#), AJAX, XML\/XSL[\/vc_column_text][vc_empty_space height=&#8221;25px&#8221;][vc_button title=&#8221;Vai al sito&#8221; button_width=&#8221;&#8221; size=&#8221;wpb_regularsize&#8221; type=&#8221;simplelineicons&#8221; icon_fontawesome=&#8221;fa fa-adjust&#8221; icon_openiconic=&#8221;vc-oi vc-oi-dial&#8221; icon_typicons=&#8221;typcn typcn-adjust-brightness&#8221; icon_entypo=&#8221;entypo-icon entypo-icon-note&#8221; icon_linecons=&#8221;vc_li vc_li-heart&#8221; icon_simplelineicons=&#8221;icon-arrow-right&#8221; icon_pos=&#8221;icon-right&#8221; margin_left=&#8221;0px&#8221; margin_right=&#8221;0px&#8221; button_style=&#8221;&#8221; color=&#8221;btn_themecolor&#8221; border_radius=&#8221;sharp&#8221; css_animation=&#8221;right-to-left&#8221; link=&#8221;url:http%3A%2F%2Feneldistribuzione.enel.it|title:Enel%20Distribuzione|target:%20_blank&#8221;][\/vc_column][\/vc_row][vc_row full_content_width=&#8221;&#8221; row_align=&#8221;align-middle&#8221; top=&#8221;60px&#8221; bottom=&#8221;0px&#8221; row_separator=&#8221;no-separator&#8221; content_fadeout=&#8221;&#8221; parallax_bg=&#8221;&#8221; speed=&#8221;0.20&#8243; scale_bg=&#8221;&#8221; scale_speed=&#8221;0.20&#8243; bg_cover=&#8221;&#8221; bg_position=&#8221;Left center&#8221; parallax_video=&#8221;&#8221; video_speed=&#8221;0.20&#8243; overlay_pattern_op=&#8221;0.2&#8243; row_mobile_style=&#8221;&#8221; row_show_on=&#8221;&#8221; slope_top=&#8221;&#8221; slope_top_pos=&#8221;slope-top-inside&#8221; slope_top_dir=&#8221;slope-top-left&#8221; slope_top_height=&#8221;100px&#8221; slope_bottom=&#8221;&#8221; slope_bottom_pos=&#8221;slope-bottom-inside&#8221; slope_bottom_dir=&#8221;slope-bottom-left&#8221; slope_bottom_height=&#8221;100px&#8221;][vc_column col_height_type=&#8221;&#8221; height=&#8221;&#8221; textalign=&#8221;&#8221; slope_left=&#8221;&#8221; slope_left_dir=&#8221;slope-left-top&#8221; slope_left_width=&#8221;100px&#8221; slope_right=&#8221;&#8221; slope_right_dir=&#8221;slope-right-top&#8221; slope_right_width=&#8221;100px&#8221; width=&#8221;1\/1&#8243; css_animation=&#8221;&#8221; css_animation_delay=&#8221;&#8221;][vc_heading title=&#8221;Mediterranean Life Style&#8221; title_color=&#8221;#4295d1&#8243; subtitle=&#8221;Cliente: Regione Campania&#8221; divider_type=&#8221;div-narrow&#8221; size=&#8221;small&#8221; alignment=&#8221;align-center&#8221; css_animation=&#8221;bottom-to-top&#8221;][\/vc_column][\/vc_row][vc_row full_content_width=&#8221;&#8221; row_align=&#8221;align-middle&#8221; top=&#8221;30px&#8221; bottom=&#8221;30px&#8221; row_separator=&#8221;no-separator&#8221; content_fadeout=&#8221;&#8221; parallax_bg=&#8221;&#8221; speed=&#8221;0.20&#8243; scale_bg=&#8221;&#8221; scale_speed=&#8221;0.20&#8243; bg_cover=&#8221;&#8221; bg_position=&#8221;Left center&#8221; parallax_video=&#8221;&#8221; video_speed=&#8221;0.20&#8243; overlay_pattern_op=&#8221;0.2&#8243; row_mobile_style=&#8221;&#8221; row_show_on=&#8221;&#8221; slope_top=&#8221;&#8221; slope_top_pos=&#8221;slope-top-inside&#8221; slope_top_dir=&#8221;slope-top-left&#8221; slope_top_height=&#8221;100px&#8221; slope_bottom=&#8221;&#8221; slope_bottom_pos=&#8221;slope-bottom-inside&#8221; slope_bottom_dir=&#8221;slope-bottom-left&#8221; slope_bottom_height=&#8221;100px&#8221;][vc_column col_height_type=&#8221;&#8221; height=&#8221;&#8221; textalign=&#8221;&#8221; slope_left=&#8221;&#8221; slope_left_dir=&#8221;slope-left-top&#8221; slope_left_width=&#8221;100px&#8221; slope_right=&#8221;&#8221; slope_right_dir=&#8221;slope-right-top&#8221; slope_right_width=&#8221;100px&#8221; width=&#8221;1\/3&#8243; css_animation=&#8221;&#8221; css_animation_delay=&#8221;&#8221;][vc_single_image image=&#8221;5727&#8243; border_color=&#8221;grey&#8221; img_link_large=&#8221;&#8221; img_link_target=&#8221;_self&#8221; css_animation=&#8221;left-to-right&#8221; img_size=&#8221;medium&#8221; alignment=&#8221;center&#8221;][\/vc_column][vc_column col_height_type=&#8221;&#8221; height=&#8221;&#8221; textalign=&#8221;&#8221; slope_left=&#8221;&#8221; slope_left_dir=&#8221;slope-left-top&#8221; slope_left_width=&#8221;100px&#8221; slope_right=&#8221;&#8221; slope_right_dir=&#8221;slope-right-top&#8221; slope_right_width=&#8221;100px&#8221; width=&#8221;2\/3&#8243; css_animation=&#8221;&#8221; css_animation_delay=&#8221;&#8221;][vc_column_text css_animation=&#8221;right-to-left&#8221;]Mediterranean Life Style \u00e8 un APP personalizzata per monitorare e migliorare lo stile di vita delle persone utilizzando degli appositi indicatori che misurano il tipo di alimentazione, la quantit\u00e0 di attivit\u00e0 fisica e la qualit\u00e0 del sonno. L&#8217;applicazione fornisce suggerimenti per stimolare l&#8217;utilizzatore ad una alimentazione di tipo mediterraneo (riconosciuta come la migliore dieta per la prevenzione di malattie cardiovascolari) e per migliorare l&#8217;attivit\u00e0 fisica e la qualit\u00e0 del sonno.<\/p>\n<p>Commissionata dalla Regione Campania in occasione dell\u00e2\u20ac\u2122EXPO 2015[\/vc_column_text][vc_empty_space height=&#8221;25px&#8221;][vc_button title=&#8221;Vai al sito&#8221; button_width=&#8221;&#8221; button_align=&#8221;&#8221; size=&#8221;wpb_regularsize&#8221; type=&#8221;simplelineicons&#8221; icon_fontawesome=&#8221;fa fa-adjust&#8221; icon_openiconic=&#8221;vc-oi vc-oi-dial&#8221; icon_typicons=&#8221;typcn typcn-adjust-brightness&#8221; icon_entypo=&#8221;entypo-icon entypo-icon-note&#8221; icon_linecons=&#8221;vc_li vc_li-heart&#8221; icon_simplelineicons=&#8221;icon-arrow-right&#8221; icon_pos=&#8221;icon-right&#8221; margin_left=&#8221;0px&#8221; margin_right=&#8221;0px&#8221; button_style=&#8221;&#8221; color=&#8221;btn_themecolor&#8221; border_radius=&#8221;sharp&#8221; css_animation=&#8221;right-to-left&#8221; css_animation_delay=&#8221;&#8221; link=&#8221;url:http%3A%2F%2Fmls.neatec.it|title:MLS|target:%20_blank&#8221;][\/vc_column][\/vc_row][vc_row full_content_width=&#8221;&#8221; row_height_type=&#8221;&#8221; height=&#8221;&#8221; row_align=&#8221;align-middle&#8221; top=&#8221;30px&#8221; bottom=&#8221;0px&#8221; row_separator=&#8221;no-separator&#8221; content_fadeout=&#8221;&#8221; font_weight=&#8221;&#8221; textalign=&#8221;&#8221; bg_type=&#8221;&#8221; parallax_bg=&#8221;&#8221; speed=&#8221;0.20&#8243; scale_bg=&#8221;&#8221; scale_speed=&#8221;0.20&#8243; bg_cover=&#8221;&#8221; bg_repeat=&#8221;&#8221; bg_position=&#8221;Left center&#8221; bg_attachment=&#8221;&#8221; parallax_video=&#8221;&#8221; video_speed=&#8221;0.20&#8243; overlay_pattern=&#8221;&#8221; overlay_pattern_op=&#8221;0.2&#8243; row_mobile_style=&#8221;&#8221; row_show_on=&#8221;&#8221; slope_top=&#8221;&#8221; slope_top_pos=&#8221;slope-top-inside&#8221; slope_top_dir=&#8221;slope-top-left&#8221; slope_top_height=&#8221;100px&#8221; slope_top_order=&#8221;&#8221; slope_bottom=&#8221;&#8221; slope_bottom_pos=&#8221;slope-bottom-inside&#8221; slope_bottom_dir=&#8221;slope-bottom-left&#8221; slope_bottom_height=&#8221;100px&#8221; slope_bot_order=&#8221;&#8221;][vc_column col_height_type=&#8221;&#8221; height=&#8221;&#8221; textalign=&#8221;&#8221; slope_left=&#8221;&#8221; slope_left_dir=&#8221;slope-left-top&#8221; slope_left_width=&#8221;100px&#8221; slope_right=&#8221;&#8221; slope_right_dir=&#8221;slope-right-top&#8221; slope_right_width=&#8221;100px&#8221; width=&#8221;1\/2&#8243; css_animation=&#8221;&#8221; css_animation_delay=&#8221;&#8221;][vc_heading title=&#8221;P-WAY&#8221; title_color=&#8221;#4295d1&#8243; subtitle=&#8221;Cliente: ENEL&#8221; divider_type=&#8221;div-narrow&#8221; size=&#8221;small&#8221; alignment=&#8221;align-center&#8221; css_animation=&#8221;bottom-to-top&#8221;][vc_column_text css_animation=&#8221;left-to-right&#8221;]Applicazione a supporto delle misure\u00a0 operative di esercizio\u00a0 effettuate sul campo a mezzo palmari e della loro gestione. Essa \u00e8 composta da un &#8216;interfaccia mobile, una web e una componente di integrazione con i sistemi esterni(SAP, ESIM ).<\/p>\n<p>Le principali tecnologie impiegate per le realizzazione: J2EE &#8211; dot.net &#8211;\u00a0 BEA Weblogic 10 &#8211; Struts &#8211; Oracle Database Server 10g &#8211;\u00a0 IIS &#8211; SSO SiteMinder &#8211; Tibco[\/vc_column_text][vc_empty_space height=&#8221;50px&#8221;][\/vc_column][vc_column col_height_type=&#8221;&#8221; height=&#8221;&#8221; textalign=&#8221;&#8221; slope_left=&#8221;&#8221; slope_left_dir=&#8221;slope-left-top&#8221; slope_left_width=&#8221;100px&#8221; slope_right=&#8221;&#8221; slope_right_dir=&#8221;slope-right-top&#8221; slope_right_width=&#8221;100px&#8221; width=&#8221;1\/2&#8243; css_animation=&#8221;&#8221; css_animation_delay=&#8221;&#8221;][vc_heading title=&#8221;SID&#8221; title_color=&#8221;#4295d1&#8243; subtitle=&#8221;Cliente: Regione Campania&#8221; divider_type=&#8221;div-narrow&#8221; size=&#8221;small&#8221; alignment=&#8221;align-center&#8221; css_animation=&#8221;bottom-to-top&#8221;][vc_column_text css_animation=&#8221;right-to-left&#8221;]Applicazione per la gestione dei processi amministrativi del settore delle attivit produttive della regione (AGC12) e del processo degli incentivi verso le aziende e le banche.<\/p>\n<p>Le principali tecnologie impiegate per le realizzazione:MS SharePoint 2007; InfoPath (tool design form); C#.NET; SQL Server 2005; Reporting Services[\/vc_column_text][vc_empty_space height=&#8221;50px&#8221;][\/vc_column][\/vc_row][vc_row full_content_width=&#8221;&#8221; row_height_type=&#8221;&#8221; height=&#8221;&#8221; row_align=&#8221;align-middle&#8221; top=&#8221;30px&#8221; bottom=&#8221;0px&#8221; row_separator=&#8221;no-separator&#8221; content_fadeout=&#8221;&#8221; font_weight=&#8221;&#8221; textalign=&#8221;&#8221; bg_type=&#8221;&#8221; parallax_bg=&#8221;&#8221; speed=&#8221;0.20&#8243; scale_bg=&#8221;&#8221; scale_speed=&#8221;0.20&#8243; bg_cover=&#8221;&#8221; bg_repeat=&#8221;&#8221; bg_position=&#8221;Left center&#8221; bg_attachment=&#8221;&#8221; parallax_video=&#8221;&#8221; video_speed=&#8221;0.20&#8243; overlay_pattern=&#8221;&#8221; overlay_pattern_op=&#8221;0.2&#8243; row_mobile_style=&#8221;&#8221; row_show_on=&#8221;&#8221; slope_top=&#8221;&#8221; slope_top_pos=&#8221;slope-top-inside&#8221; slope_top_dir=&#8221;slope-top-left&#8221; slope_top_height=&#8221;100px&#8221; slope_top_order=&#8221;&#8221; slope_bottom=&#8221;&#8221; slope_bottom_pos=&#8221;slope-bottom-inside&#8221; slope_bottom_dir=&#8221;slope-bottom-left&#8221; slope_bottom_height=&#8221;100px&#8221; slope_bot_order=&#8221;&#8221;][vc_column col_height_type=&#8221;&#8221; height=&#8221;&#8221; textalign=&#8221;&#8221; slope_left=&#8221;&#8221; slope_left_dir=&#8221;slope-left-top&#8221; slope_left_width=&#8221;100px&#8221; slope_right=&#8221;&#8221; slope_right_dir=&#8221;slope-right-top&#8221; slope_right_width=&#8221;100px&#8221; width=&#8221;1\/1&#8243; css_animation=&#8221;&#8221; css_animation_delay=&#8221;&#8221;][vc_heading title=&#8221;Progetto Business Integration&#8221; title_color=&#8221;#4295d1&#8243; subtitle=&#8221;Cliente: Alenia Aeronautica&#8221; divider_type=&#8221;div-narrow&#8221; size=&#8221;small&#8221; alignment=&#8221;align-center&#8221; css_animation=&#8221;bottom-to-top&#8221;][vc_column_text css_animation=&#8221;left-to-right&#8221;]Realizzazione della piattaforma di integrazione basata su tecnologia WBI (ICS). Integrazione di sistemi legacy (IMS, DL\/I, CICS, DB2), sistemi SAP, sistemi dipartimentali in ambienti Unix e Windows[\/vc_column_text][vc_empty_space height=&#8221;100px&#8221;][\/vc_column][\/vc_row]<\/p>\n<\/div>","protected":false},"excerpt":{"rendered":"<p>[vc_row full_content_width=&#8221;&#8221; row_align=&#8221;align-middle&#8221; top=&#8221;280px&#8221; bottom=&#8221;200px&#8221; row_separator=&#8221;no-separator&#8221; content_fadeout=&#8221;&#8221; bg_type=&#8221;image&#8221; parallax_bg=&#8221;&#8221; speed=&#8221;0.20&#8243; scale_bg=&#8221;scale-bg&#8221; scale_speed=&#8221;0.20&#8243; bg_cover=&#8221;cover&#8221; bg_position=&#8221;Center bottom&#8221; parallax_video=&#8221;&#8221; video_speed=&#8221;0.20&#8243; overlay_pattern_op=&#8221;0.2&#8243; row_mobile_style=&#8221;&#8221; row_show_on=&#8221;&#8221; slope_top=&#8221;&#8221; slope_top_pos=&#8221;slope-top-inside&#8221; slope_top_dir=&#8221;slope-top-left&#8221; slope_top_height=&#8221;100px&#8221; slope_bottom=&#8221;&#8221; slope_bottom_pos=&#8221;slope-bottom-inside&#8221; slope_bottom_dir=&#8221;slope-bottom-left&#8221; slope_bottom_height=&#8221;100px&#8221; bg_image=&#8221;5730&#8243; overlay_pattern=&#8221;sm_cell_b&#8221;][vc_column col_height_type=&#8221;&#8221; height=&#8221;&#8221; textalign=&#8221;&#8221; slope_left=&#8221;&#8221; slope_left_dir=&#8221;slope-left-top&#8221; slope_left_width=&#8221;100px&#8221; slope_right=&#8221;&#8221; slope_right_dir=&#8221;slope-right-top&#8221; slope_right_width=&#8221;100px&#8221; width=&#8221;1\/1&#8243; css_animation=&#8221;&#8221; css_animation_delay=&#8221;&#8221;][vc_heading h_size=&#8221;h-extralarge&#8221; title=&#8221; Progettazione e Sviluppo Software &#8221; divider_type=&#8221;div-narrow&#8221; size=&#8221;small&#8221; alignment=&#8221;align-center&#8221; title_color=&#8221;#ffffff&#8221; css_animation=&#8221;bottom-to-top&#8221;][\/vc_column][\/vc_row][vc_row row_align=&#8221;align-middle&#8221; top=&#8221;20px&#8221; bottom=&#8221;0px&#8221; row_separator=&#8221;no-separator&#8221; speed=&#8221;0.20&#8243; scale_speed=&#8221;0.20&#8243; video_speed=&#8221;0.20&#8243; overlay_pattern_op=&#8221;0.2&#8243; slope_top_pos=&#8221;slope-top-inside&#8221; slope_top_dir=&#8221;slope-top-left&#8221; slope_top_height=&#8221;100px&#8221; slope_bottom_pos=&#8221;slope-bottom-inside&#8221; slope_bottom_dir=&#8221;slope-bottom-left&#8221; slope_bottom_height=&#8221;100px&#8221;][vc_column width=&#8221;1\/1&#8243;][vc_empty_space height=&#8221;40px&#8221;][\/vc_column][\/vc_row][vc_row speed=&#8221;0.20&#8243; row_seperator=&#8221;no-seperator&#8221; top=&#8221;0px&#8221; bottom=&#8221;30px&#8221; row_align=&#8221;align-middle&#8221;&#8230;  <\/p>\n<div class=\"read-more\"><a class=\"excerpt-read-more\" href=\"https:\/\/www.neatec.it\/en\/progettazione-e-sviluppo-software\/\" title=\"Continue reading Progettazione e Sviluppo Software\">Read more<i class=\"fa fa-angle-right\"><\/i><\/a><\/div>\n","protected":false},"author":1,"featured_media":0,"parent":0,"menu_order":0,"comment_status":"open","ping_status":"open","template":"page-full-width.php","meta":{"footnotes":""},"class_list":["post-5635","page","type-page","status-publish","hentry"],"_links":{"self":[{"href":"https:\/\/www.neatec.it\/en\/wp-json\/wp\/v2\/pages\/5635","targetHints":{"allow":["GET"]}}],"collection":[{"href":"https:\/\/www.neatec.it\/en\/wp-json\/wp\/v2\/pages"}],"about":[{"href":"https:\/\/www.neatec.it\/en\/wp-json\/wp\/v2\/types\/page"}],"author":[{"embeddable":true,"href":"https:\/\/www.neatec.it\/en\/wp-json\/wp\/v2\/users\/1"}],"replies":[{"embeddable":true,"href":"https:\/\/www.neatec.it\/en\/wp-json\/wp\/v2\/comments?post=5635"}],"version-history":[{"count":28,"href":"https:\/\/www.neatec.it\/en\/wp-json\/wp\/v2\/pages\/5635\/revisions"}],"predecessor-version":[{"id":6657,"href":"https:\/\/www.neatec.it\/en\/wp-json\/wp\/v2\/pages\/5635\/revisions\/6657"}],"wp:attachment":[{"href":"https:\/\/www.neatec.it\/en\/wp-json\/wp\/v2\/media?parent=5635"}],"curies":[{"name":"wp","href":"https:\/\/api.w.org\/{rel}","templated":true}]}}